{"id":166,"date":"2021-03-13T11:28:57","date_gmt":"2021-03-13T11:28:57","guid":{"rendered":"https:\/\/www.juanjesusgarciavazquez.es\/?page_id=166"},"modified":"2021-03-19T08:41:16","modified_gmt":"2021-03-19T08:41:16","slug":"blog","status":"publish","type":"page","link":"https:\/\/www.juanjesusgarciavazquez.es\/?page_id=166","title":{"rendered":"BLOG"},"content":{"rendered":"\t\t<div data-elementor-type=\"wp-page\" data-elementor-id=\"166\" class=\"elementor elementor-166\" data-elementor-settings=\"[]\">\n\t\t\t\t\t\t\t<div class=\"elementor-section-wrap\">\n\t\t\t\t\t\t\t<section class=\"elementor-section elementor-top-section elementor-element elementor-element-6014b3ec elementor-section-content-middle elementor-section-boxed elementor-section-height-default elementor-section-height-default\" data-id=\"6014b3ec\" data-element_type=\"section\">\n\t\t\t\t\t\t<div class=\"elementor-container elementor-column-gap-no\">\n\t\t\t\t\t<div class=\"elementor-column elementor-col-50 elementor-top-column elementor-element elementor-element-58a0bc0f\" data-id=\"58a0bc0f\" data-element_type=\"column\">\n\t\t\t<div class=\"elementor-widget-wrap elementor-element-populated\">\n\t\t\t\t\t\t\t\t<div class=\"elementor-element elementor-element-42b5d291 elementor-widget elementor-widget-image\" data-id=\"42b5d291\" data-element_type=\"widget\" data-widget_type=\"image.default\">\n\t\t\t\t<div class=\"elementor-widget-container\">\n\t\t\t\t\t\t\t\t\t\t\t\t\t\t\t<img loading=\"lazy\" decoding=\"async\" width=\"1463\" height=\"760\" src=\"https:\/\/www.juanjesusgarciavazquez.es\/wp-content\/uploads\/2021\/03\/8ADB757C-BC40-49F7-8414-BB889E9CDE33-e1622720106170.jpeg\" class=\"attachment-full size-full\" alt=\"\" srcset=\"https:\/\/www.juanjesusgarciavazquez.es\/wp-content\/uploads\/2021\/03\/8ADB757C-BC40-49F7-8414-BB889E9CDE33-e1622720106170.jpeg 1463w, https:\/\/www.juanjesusgarciavazquez.es\/wp-content\/uploads\/2021\/03\/8ADB757C-BC40-49F7-8414-BB889E9CDE33-e1622720106170-300x156.jpeg 300w, https:\/\/www.juanjesusgarciavazquez.es\/wp-content\/uploads\/2021\/03\/8ADB757C-BC40-49F7-8414-BB889E9CDE33-e1622720106170-1024x532.jpeg 1024w, https:\/\/www.juanjesusgarciavazquez.es\/wp-content\/uploads\/2021\/03\/8ADB757C-BC40-49F7-8414-BB889E9CDE33-e1622720106170-768x399.jpeg 768w\" sizes=\"auto, (max-width: 1463px) 100vw, 1463px\" \/>\t\t\t\t\t\t\t\t\t\t\t\t\t\t\t<\/div>\n\t\t\t\t<\/div>\n\t\t\t\t\t<\/div>\n\t\t<\/div>\n\t\t\t\t<div class=\"elementor-column elementor-col-50 elementor-top-column elementor-element elementor-element-6b7d409c\" data-id=\"6b7d409c\" data-element_type=\"column\">\n\t\t\t<div class=\"elementor-widget-wrap elementor-element-populated\">\n\t\t\t\t\t\t\t\t<div class=\"elementor-element elementor-element-536d1a12 elementor-view-default elementor-widget elementor-widget-icon\" data-id=\"536d1a12\" data-element_type=\"widget\" data-widget_type=\"icon.default\">\n\t\t\t\t<div class=\"elementor-widget-container\">\n\t\t\t\t\t<div class=\"elementor-icon-wrapper\">\n\t\t\t<div class=\"elementor-icon\">\n\t\t\t<i aria-hidden=\"true\" class=\"fas fa-quote-left\"><\/i>\t\t\t<\/div>\n\t\t<\/div>\n\t\t\t\t<\/div>\n\t\t\t\t<\/div>\n\t\t\t\t<div class=\"elementor-element elementor-element-7edfa6d7 elementor-widget elementor-widget-text-editor\" data-id=\"7edfa6d7\" data-element_type=\"widget\" data-widget_type=\"text-editor.default\">\n\t\t\t\t<div class=\"elementor-widget-container\">\n\t\t\t\t\t\t\t<p>Cuales son las necesidades que cubre un profesional de la educaci\u00f3n y actividad f\u00edsica?<\/p>\n<p><span style=\"font-size: 16px; -webkit-text-size-adjust: 100%;\">De que sirve ?&nbsp;<\/span><\/p>\n<p>Por que invertir dinero en contratar su servicio?<\/p>\n<p>Si estamos llenos de intrusismo como podemos diferenciarnos?<\/p>\n<p>En mi siguiente art\u00edculo escribir\u00e9 sobre todas estas dudas que he ido recopilando en mi carrera&#8230;<\/p>\n<p><\/p>\t\t\t\t\t\t<\/div>\n\t\t\t\t<\/div>\n\t\t\t\t<div class=\"elementor-element elementor-element-7f7784ec elementor-widget elementor-widget-heading\" data-id=\"7f7784ec\" data-element_type=\"widget\" data-widget_type=\"heading.default\">\n\t\t\t\t<div class=\"elementor-widget-container\">\n\t\t\t<h2 class=\"elementor-heading-title elementor-size-default\">Juan Jes\u00fas Garc\u00eda.<\/h2>\t\t<\/div>\n\t\t\t\t<\/div>\n\t\t\t\t<div class=\"elementor-element elementor-element-20e6515 elementor-widget elementor-widget-heading\" data-id=\"20e6515\" data-element_type=\"widget\" data-widget_type=\"heading.default\">\n\t\t\t\t<div class=\"elementor-widget-container\">\n\t\t\t<h2 class=\"elementor-heading-title elementor-size-default\">MaEstro en educaci\u00f3n fisica.<\/h2>\t\t<\/div>\n\t\t\t\t<\/div>\n\t\t\t\t\t<\/div>\n\t\t<\/div>\n\t\t\t\t\t\t\t<\/div>\n\t\t<\/section>\n\t\t\t\t<section class=\"elementor-section elementor-top-section elementor-element elementor-element-e9f2846 elementor-section-boxed elementor-section-height-default elementor-section-height-default\" data-id=\"e9f2846\" data-element_type=\"section\">\n\t\t\t\t\t\t<div class=\"elementor-container elementor-column-gap-default\">\n\t\t\t\t\t<div class=\"elementor-column elementor-col-100 elementor-top-column elementor-element elementor-element-ef59786\" data-id=\"ef59786\" data-element_type=\"column\">\n\t\t\t<div class=\"elementor-widget-wrap elementor-element-populated\">\n\t\t\t\t\t\t\t\t<div class=\"elementor-element elementor-element-e332f88 elementor-widget__width-initial elementor-widget elementor-widget-image\" data-id=\"e332f88\" data-element_type=\"widget\" data-widget_type=\"image.default\">\n\t\t\t\t<div class=\"elementor-widget-container\">\n\t\t\t\t\t\t\t\t\t\t\t\t\t\t\t<img loading=\"lazy\" decoding=\"async\" width=\"720\" height=\"1024\" src=\"https:\/\/www.juanjesusgarciavazquez.es\/wp-content\/uploads\/2021\/03\/3E1744E4-6F2B-42AC-8997-B93C7AEBFCAC-720x1024.jpeg\" class=\"attachment-large size-large\" alt=\"\" srcset=\"https:\/\/www.juanjesusgarciavazquez.es\/wp-content\/uploads\/2021\/03\/3E1744E4-6F2B-42AC-8997-B93C7AEBFCAC-720x1024.jpeg 720w, https:\/\/www.juanjesusgarciavazquez.es\/wp-content\/uploads\/2021\/03\/3E1744E4-6F2B-42AC-8997-B93C7AEBFCAC-211x300.jpeg 211w, https:\/\/www.juanjesusgarciavazquez.es\/wp-content\/uploads\/2021\/03\/3E1744E4-6F2B-42AC-8997-B93C7AEBFCAC-768x1092.jpeg 768w, https:\/\/www.juanjesusgarciavazquez.es\/wp-content\/uploads\/2021\/03\/3E1744E4-6F2B-42AC-8997-B93C7AEBFCAC-1080x1536.jpeg 1080w, https:\/\/www.juanjesusgarciavazquez.es\/wp-content\/uploads\/2021\/03\/3E1744E4-6F2B-42AC-8997-B93C7AEBFCAC.jpeg 1137w\" sizes=\"auto, (max-width: 720px) 100vw, 720px\" \/>\t\t\t\t\t\t\t\t\t\t\t\t\t\t\t<\/div>\n\t\t\t\t<\/div>\n\t\t\t\t\t<\/div>\n\t\t<\/div>\n\t\t\t\t\t\t\t<\/div>\n\t\t<\/section>\n\t\t\t\t\t\t<\/div>\n\t\t\t\t\t<\/div>\n\t\t","protected":false},"excerpt":{"rendered":"<p>Cuales son las necesidades que cubre un profesional de la educaci\u00f3n y actividad f\u00edsica? De que sirve ?&nbsp; Por que invertir dinero en contratar su servicio? Si estamos llenos de intrusismo como podemos diferenciarnos? En mi siguiente art\u00edculo escribir\u00e9 sobre todas estas dudas que he ido recopilando en mi carrera&#8230; Juan Jes\u00fas Garc\u00eda. MaEstro en &hellip;<\/p>\n<p class=\"read-more\"> <a class=\"\" href=\"https:\/\/www.juanjesusgarciavazquez.es\/?page_id=166\"> <span class=\"screen-reader-text\">BLOG<\/span> Leer m\u00e1s &raquo;<\/a><\/p>\n","protected":false},"author":1,"featured_media":0,"parent":0,"menu_order":0,"comment_status":"closed","ping_status":"closed","template":"","meta":{"site-sidebar-layout":"no-sidebar","site-content-layout":"page-builder","ast-main-header-display":"","ast-hfb-above-header-display":"","ast-hfb-below-header-display":"","ast-hfb-mobile-header-display":"","site-post-title":"disabled","ast-breadcrumbs-content":"","ast-featured-img":"disabled","footer-sml-layout":"","theme-transparent-header-meta":"default","adv-header-id-meta":"","stick-header-meta":"","header-above-stick-meta":"","header-main-stick-meta":"","header-below-stick-meta":"","footnotes":""},"class_list":["post-166","page","type-page","status-publish","hentry"],"_links":{"self":[{"href":"https:\/\/www.juanjesusgarciavazquez.es\/index.php?rest_route=\/wp\/v2\/pages\/166","targetHints":{"allow":["GET"]}}],"collection":[{"href":"https:\/\/www.juanjesusgarciavazquez.es\/index.php?rest_route=\/wp\/v2\/pages"}],"about":[{"href":"https:\/\/www.juanjesusgarciavazquez.es\/index.php?rest_route=\/wp\/v2\/types\/page"}],"author":[{"embeddable":true,"href":"https:\/\/www.juanjesusgarciavazquez.es\/index.php?rest_route=\/wp\/v2\/users\/1"}],"replies":[{"embeddable":true,"href":"https:\/\/www.juanjesusgarciavazquez.es\/index.php?rest_route=%2Fwp%2Fv2%2Fcomments&post=166"}],"version-history":[{"count":25,"href":"https:\/\/www.juanjesusgarciavazquez.es\/index.php?rest_route=\/wp\/v2\/pages\/166\/revisions"}],"predecessor-version":[{"id":432,"href":"https:\/\/www.juanjesusgarciavazquez.es\/index.php?rest_route=\/wp\/v2\/pages\/166\/revisions\/432"}],"wp:attachment":[{"href":"https:\/\/www.juanjesusgarciavazquez.es\/index.php?rest_route=%2Fwp%2Fv2%2Fmedia&parent=166"}],"curies":[{"name":"wp","href":"https:\/\/api.w.org\/{rel}","templated":true}]}}